{"id":31,"date":"2024-07-18T16:44:08","date_gmt":"2024-07-18T14:44:08","guid":{"rendered":"http:\/\/sandrayerushalmi.fr\/?page_id=31"},"modified":"2025-08-14T11:46:50","modified_gmt":"2025-08-14T09:46:50","slug":"sandra-yerushalmi-art-juif-sefarade","status":"publish","type":"page","link":"https:\/\/sandrayerushalmi.fr\/","title":{"rendered":"Untitled"},"content":{"rendered":"\n<div class=\"wp-block-cover alignfull is-light\"><img loading=\"lazy\" decoding=\"async\" width=\"2560\" height=\"2052\" class=\"wp-block-cover__image-background wp-image-117\" alt=\"\" src=\"http:\/\/sandrayerushalmi.fr\/wp-content\/uploads\/2024\/07\/Mandala-Geometrique-aleph-light.png\" data-object-fit=\"cover\" srcset=\"https:\/\/sandrayerushalmi.fr\/wp-content\/uploads\/2024\/07\/Mandala-Geometrique-aleph-light.png 2560w, https:\/\/sandrayerushalmi.fr\/wp-content\/uploads\/2024\/07\/Mandala-Geometrique-aleph-light-300x240.png 300w, https:\/\/sandrayerushalmi.fr\/wp-content\/uploads\/2024\/07\/Mandala-Geometrique-aleph-light-1024x821.png 1024w, https:\/\/sandrayerushalmi.fr\/wp-content\/uploads\/2024\/07\/Mandala-Geometrique-aleph-light-768x616.png 768w, https:\/\/sandrayerushalmi.fr\/wp-content\/uploads\/2024\/07\/Mandala-Geometrique-aleph-light-1536x1231.png 1536w, https:\/\/sandrayerushalmi.fr\/wp-content\/uploads\/2024\/07\/Mandala-Geometrique-aleph-light-2048x1642.png 2048w, https:\/\/sandrayerushalmi.fr\/wp-content\/uploads\/2024\/07\/Mandala-Geometrique-aleph-light-1568x1257.png 1568w\" sizes=\"auto, (max-width: 2560px) 100vw, 2560px\" \/><span aria-hidden=\"true\" class=\"wp-block-cover__background has-background-dim\" style=\"background-color:#e5dad0\"><\/span><div class=\"wp-block-cover__inner-container is-layout-constrained wp-block-cover-is-layout-constrained\">\n<p class=\"has-text-align-center has-text-color has-link-color has-extra-large-font-size wp-elements-431a40807e15d7785551dd7cb34424a9\" style=\"color:#ad1545\"><strong>Sandra Yerushalmi<\/strong><\/p>\n\n\n\n<p class=\"has-text-align-center has-text-color has-link-color wp-elements-0c346a54c527c22f41faceb38eb988a2\" style=\"color:#4f0c21;font-size:30px\"><strong>Artiste peintre, calligraphe, hennaya<\/strong><\/p>\n\n\n\n<p class=\"has-text-align-center has-text-color has-link-color wp-elements-d74d420140920ee72e8f197573977b2a\" style=\"color:#4f0c21;font-size:30px\"><strong>Art juif s\u00e9farade &#8211; Bas\u00e9e \u00e0 Paris<\/strong><\/p>\n<\/div><\/div>\n\n\n<div class=\"wp-block-image is-style-default\">\n<figure class=\"aligncenter size-large is-resized\"><img loading=\"lazy\" decoding=\"async\" width=\"683\" height=\"1024\" src=\"https:\/\/sandrayerushalmi.fr\/wp-content\/uploads\/2024\/07\/DSC09312c-683x1024.jpg\" alt=\"\" class=\"wp-image-61\" style=\"aspect-ratio:1;object-fit:cover;width:239px;height:auto\" srcset=\"https:\/\/sandrayerushalmi.fr\/wp-content\/uploads\/2024\/07\/DSC09312c-683x1024.jpg 683w, https:\/\/sandrayerushalmi.fr\/wp-content\/uploads\/2024\/07\/DSC09312c-200x300.jpg 200w, https:\/\/sandrayerushalmi.fr\/wp-content\/uploads\/2024\/07\/DSC09312c-768x1152.jpg 768w, https:\/\/sandrayerushalmi.fr\/wp-content\/uploads\/2024\/07\/DSC09312c-1024x1536.jpg 1024w, https:\/\/sandrayerushalmi.fr\/wp-content\/uploads\/2024\/07\/DSC09312c-1365x2048.jpg 1365w, https:\/\/sandrayerushalmi.fr\/wp-content\/uploads\/2024\/07\/DSC09312c-1568x2352.jpg 1568w, https:\/\/sandrayerushalmi.fr\/wp-content\/uploads\/2024\/07\/DSC09312c-scaled.jpg 1707w\" sizes=\"auto, (max-width: 683px) 100vw, 683px\" \/><\/figure>\n<\/div>\n\n\n<h2 class=\"wp-block-heading has-text-align-center has-text-color has-link-color wp-elements-0f18887be527acc99f106087494899ba\" style=\"color:#ad1545;font-size:36px\"><\/h2>\n\n\n\n<div class=\"wp-block-columns alignwide are-vertically-aligned-center is-style-twentytwentyone-columns-overlap is-layout-flex wp-container-core-columns-is-layout-9d6595d7 wp-block-columns-is-layout-flex\">\n<div class=\"wp-block-column is-vertically-aligned-center is-layout-flow wp-block-column-is-layout-flow\">\n<figure class=\"wp-block-image alignfull size-large is-style-default\"><img loading=\"lazy\" decoding=\"async\" width=\"1024\" height=\"815\" src=\"http:\/\/sandrayerushalmi.fr\/wp-content\/uploads\/2025\/05\/1689875910673-2-1024x815.png\" alt=\"\" class=\"wp-image-327\" srcset=\"https:\/\/sandrayerushalmi.fr\/wp-content\/uploads\/2025\/05\/1689875910673-2-1024x815.png 1024w, https:\/\/sandrayerushalmi.fr\/wp-content\/uploads\/2025\/05\/1689875910673-2-300x239.png 300w, https:\/\/sandrayerushalmi.fr\/wp-content\/uploads\/2025\/05\/1689875910673-2-768x612.png 768w, https:\/\/sandrayerushalmi.fr\/wp-content\/uploads\/2025\/05\/1689875910673-2-1536x1223.png 1536w, https:\/\/sandrayerushalmi.fr\/wp-content\/uploads\/2025\/05\/1689875910673-2-1568x1249.png 1568w, https:\/\/sandrayerushalmi.fr\/wp-content\/uploads\/2025\/05\/1689875910673-2.png 1890w\" sizes=\"auto, (max-width: 1024px) 100vw, 1024px\" \/><\/figure>\n\n\n\n<div style=\"height:100px\" aria-hidden=\"true\" class=\"wp-block-spacer\"><\/div>\n\n\n\n<figure class=\"wp-block-image alignfull size-large is-style-default\"><img loading=\"lazy\" decoding=\"async\" width=\"1024\" height=\"703\" src=\"http:\/\/sandrayerushalmi.fr\/wp-content\/uploads\/2025\/08\/WhatsApp-Image-2025-08-14-at-11.33.27-1024x703.jpeg\" alt=\"\" class=\"wp-image-420\" srcset=\"https:\/\/sandrayerushalmi.fr\/wp-content\/uploads\/2025\/08\/WhatsApp-Image-2025-08-14-at-11.33.27-1024x703.jpeg 1024w, https:\/\/sandrayerushalmi.fr\/wp-content\/uploads\/2025\/08\/WhatsApp-Image-2025-08-14-at-11.33.27-300x206.jpeg 300w, https:\/\/sandrayerushalmi.fr\/wp-content\/uploads\/2025\/08\/WhatsApp-Image-2025-08-14-at-11.33.27-768x527.jpeg 768w, https:\/\/sandrayerushalmi.fr\/wp-content\/uploads\/2025\/08\/WhatsApp-Image-2025-08-14-at-11.33.27-1536x1054.jpeg 1536w, https:\/\/sandrayerushalmi.fr\/wp-content\/uploads\/2025\/08\/WhatsApp-Image-2025-08-14-at-11.33.27-1568x1076.jpeg 1568w, https:\/\/sandrayerushalmi.fr\/wp-content\/uploads\/2025\/08\/WhatsApp-Image-2025-08-14-at-11.33.27.jpeg 2048w\" sizes=\"auto, (max-width: 1024px) 100vw, 1024px\" \/><\/figure>\n<\/div>\n\n\n\n<div class=\"wp-block-column is-vertically-aligned-center is-layout-flow wp-block-column-is-layout-flow\">\n<figure data-wp-context=\"{&quot;imageId&quot;:&quot;69d508394cd6c&quot;}\" data-wp-interactive=\"core\/image\" data-wp-key=\"69d508394cd6c\" class=\"wp-block-image size-full is-resized alignfull is-style-default wp-lightbox-container\"><img loading=\"lazy\" decoding=\"async\" width=\"1810\" height=\"2560\" data-wp-class--hide=\"state.isContentHidden\" data-wp-class--show=\"state.isContentVisible\" data-wp-init=\"callbacks.setButtonStyles\" data-wp-on--click=\"actions.showLightbox\" data-wp-on--load=\"callbacks.setButtonStyles\" data-wp-on-window--resize=\"callbacks.setButtonStyles\" src=\"https:\/\/sandrayerushalmi.fr\/wp-content\/uploads\/2025\/08\/projet-affiche5-scaled.jpg\" alt=\"\" class=\"wp-image-418\" style=\"width:513px;height:auto\" srcset=\"https:\/\/sandrayerushalmi.fr\/wp-content\/uploads\/2025\/08\/projet-affiche5-scaled.jpg 1810w, https:\/\/sandrayerushalmi.fr\/wp-content\/uploads\/2025\/08\/projet-affiche5-212x300.jpg 212w, https:\/\/sandrayerushalmi.fr\/wp-content\/uploads\/2025\/08\/projet-affiche5-724x1024.jpg 724w, https:\/\/sandrayerushalmi.fr\/wp-content\/uploads\/2025\/08\/projet-affiche5-768x1086.jpg 768w, https:\/\/sandrayerushalmi.fr\/wp-content\/uploads\/2025\/08\/projet-affiche5-1086x1536.jpg 1086w, https:\/\/sandrayerushalmi.fr\/wp-content\/uploads\/2025\/08\/projet-affiche5-1448x2048.jpg 1448w, https:\/\/sandrayerushalmi.fr\/wp-content\/uploads\/2025\/08\/projet-affiche5-1568x2217.jpg 1568w\" sizes=\"auto, (max-width: 1810px) 100vw, 1810px\" \/><button\n\t\t\tclass=\"lightbox-trigger\"\n\t\t\ttype=\"button\"\n\t\t\taria-haspopup=\"dialog\"\n\t\t\taria-label=\"Enlarge\"\n\t\t\tdata-wp-init=\"callbacks.initTriggerButton\"\n\t\t\tdata-wp-on--click=\"actions.showLightbox\"\n\t\t\tdata-wp-style--right=\"state.imageButtonRight\"\n\t\t\tdata-wp-style--top=\"state.imageButtonTop\"\n\t\t>\n\t\t\t<svg xmlns=\"http:\/\/www.w3.org\/2000\/svg\" width=\"12\" height=\"12\" fill=\"none\" viewBox=\"0 0 12 12\">\n\t\t\t\t<path fill=\"#fff\" d=\"M2 0a2 2 0 0 0-2 2v2h1.5V2a.5.5 0 0 1 .5-.5h2V0H2Zm2 10.5H2a.5.5 0 0 1-.5-.5V8H0v2a2 2 0 0 0 2 2h2v-1.5ZM8 12v-1.5h2a.5.5 0 0 0 .5-.5V8H12v2a2 2 0 0 1-2 2H8Zm2-12a2 2 0 0 1 2 2v2h-1.5V2a.5.5 0 0 0-.5-.5H8V0h2Z\" \/>\n\t\t\t<\/svg>\n\t\t<\/button><\/figure>\n\n\n\n<p class=\"has-text-color has-link-color wp-elements-91c8ab94d00ccec451b2ee31a55e5e80\" style=\"color:#af1558\"><strong>PROCHAINS RENDEZ-VOUS 2025 :<\/strong><br><strong>Du 2 au 29 septembre<\/strong>, au Caf\u00e9 des Psaumes : Exposition &#8220;Aleph Bet v\u00e9 od&#8230;&#8221; avec Jean-Pierre Benzekri<br><strong>Jeudi 4 septembre<\/strong>, 18h-20h : vernissage de l&#8217;exposition &#8220;Aleph Bet v\u00e9 od&#8230;&#8221; au Caf\u00e9 des Psaumes, Paris<\/p>\n<\/div>\n<\/div>\n\n\n\n<div class=\"wp-block-columns alignwide are-vertically-aligned-center is-style-twentytwentyone-columns-overlap is-layout-flex wp-container-core-columns-is-layout-9d6595d7 wp-block-columns-is-layout-flex\">\n<div class=\"wp-block-column is-vertically-aligned-center is-layout-flow wp-block-column-is-layout-flow\">\n<figure class=\"wp-block-gallery has-nested-images columns-default is-cropped wp-block-gallery-1 is-layout-flex wp-block-gallery-is-layout-flex\"><\/figure>\n<\/div>\n<\/div>\n\n\n\n<div style=\"height:42px\" aria-hidden=\"true\" class=\"wp-block-spacer\"><\/div>\n\n\n\n<h3 class=\"wp-block-heading alignwide has-text-align-center has-text-color has-link-color wp-elements-8e06943b28b0c228882709a23e6a0c0f\" style=\"color:#af1558\">ATELIERS DE CALLIGRAPHIE HEBRA\u00cfQUE<\/h3>\n\n\n\n<div class=\"wp-block-media-text alignwide is-stacked-on-mobile\" style=\"grid-template-columns:22% auto\"><figure class=\"wp-block-media-text__media\"><a href=\"https:\/\/www.festivalvoixjuives.fr\/\" target=\"_blank\" rel=\" noreferrer noopener\"><img loading=\"lazy\" decoding=\"async\" width=\"768\" height=\"1024\" src=\"http:\/\/sandrayerushalmi.fr\/wp-content\/uploads\/2025\/08\/IMG_6320-768x1024.jpg\" alt=\"\" class=\"wp-image-422 size-full\" srcset=\"https:\/\/sandrayerushalmi.fr\/wp-content\/uploads\/2025\/08\/IMG_6320-768x1024.jpg 768w, https:\/\/sandrayerushalmi.fr\/wp-content\/uploads\/2025\/08\/IMG_6320-225x300.jpg 225w, https:\/\/sandrayerushalmi.fr\/wp-content\/uploads\/2025\/08\/IMG_6320-1152x1536.jpg 1152w, https:\/\/sandrayerushalmi.fr\/wp-content\/uploads\/2025\/08\/IMG_6320-1536x2048.jpg 1536w, https:\/\/sandrayerushalmi.fr\/wp-content\/uploads\/2025\/08\/IMG_6320-1568x2091.jpg 1568w, https:\/\/sandrayerushalmi.fr\/wp-content\/uploads\/2025\/08\/IMG_6320-scaled.jpg 1920w\" sizes=\"auto, (max-width: 768px) 100vw, 768px\" \/><\/a><\/figure><div class=\"wp-block-media-text__content\">\n<p class=\"has-text-align-left\">J\u2019anime r\u00e9guli\u00e8rement des ateliers de calligraphie h\u00e9bra\u00efque et d\u2019art juif en r\u00e9gion parisienne.<br>N\u2019h\u00e9sitez pas \u00e0 m\u2019\u00e9crire si \u00e7a vous int\u00e9resse !<\/p>\n\n\n\n<p class=\"has-text-align-left\"><a href=\"https:\/\/www.instagram.com\/reel\/DFn-dsotY1x\/\" data-type=\"link\" data-id=\"https:\/\/www.instagram.com\/reel\/DFn-dsotY1x\/\" target=\"_blank\" rel=\"noreferrer noopener\"><strong>Quelques images de l\u2019atelier Jewsals\u2019art en vid\u00e9o<\/strong><\/a><\/p>\n<\/div><\/div>\n\n\n\n<div style=\"height:35px\" aria-hidden=\"true\" class=\"wp-block-spacer\"><\/div>\n\n\n\n<h2 class=\"wp-block-heading has-text-align-center has-text-color has-link-color wp-elements-9d75baa94ed67cb4818239a6bbfd13e1\" style=\"color:#4f0c21\">D\u00e9couvrez <br>mes \u0153uvres originales<\/h2>\n\n\n\n<div class=\"wp-block-buttons is-content-justification-center is-layout-flex wp-container-core-buttons-is-layout-16018d1d wp-block-buttons-is-layout-flex\">\n<div class=\"wp-block-button is-style-fill\"><a class=\"wp-block-button__link has-text-color has-background has-link-color has-text-align-center wp-element-button\" href=\"https:\/\/sandrayerushalmi.fr\/?page_id=186\" style=\"color:#deae2b;background-color:#ad1545\">Voir la galerie d&#8217;\u0153uvres<\/a><\/div>\n<\/div>\n\n\n\n<div style=\"height:44px\" aria-hidden=\"true\" class=\"wp-block-spacer\"><\/div>\n\n\n\n<h2 class=\"wp-block-heading has-text-align-center has-text-color has-link-color wp-elements-e10a25ab64602ab6c72e4ccfdec21380\" style=\"color:#4f0c21\">Des cr\u00e9ations personnalis\u00e9es <br>pour r\u00e9pondre \u00e0 vos envies !<\/h2>\n\n\n\n<div class=\"wp-block-columns alignwide are-vertically-aligned-top is-layout-flex wp-container-core-columns-is-layout-9d6595d7 wp-block-columns-is-layout-flex\">\n<div class=\"wp-block-column is-vertically-aligned-top is-layout-flow wp-block-column-is-layout-flow\">\n<h3 class=\"wp-block-heading has-text-color has-link-color wp-elements-eb19577d9eb0733dc4a53facf28245ad\" style=\"color:#ad1545\">Faire-part<\/h3>\n\n\n\n<p class=\"has-text-color has-link-color wp-elements-91e9a94d86f38eb404f1e3519fae5d85\" style=\"color:#4f0c21\">Un mariage ? Une bar-mitsva ? Une naissance ? Un \u00e9v\u00e9nement ? Une carte de v\u0153ux ?<br>Faites appel \u00e0 une artiste pour des cr\u00e9ations visuelles personnalis\u00e9es.<\/p>\n\n\n<div class=\"wp-block-image\">\n<figure data-wp-context=\"{&quot;imageId&quot;:&quot;69d508394d8d9&quot;}\" data-wp-interactive=\"core\/image\" data-wp-key=\"69d508394d8d9\" class=\"aligncenter size-large wp-lightbox-container\"><img loading=\"lazy\" decoding=\"async\" width=\"1011\" height=\"1024\" data-wp-class--hide=\"state.isContentHidden\" data-wp-class--show=\"state.isContentVisible\" data-wp-init=\"callbacks.setButtonStyles\" data-wp-on--click=\"actions.showLightbox\" data-wp-on--load=\"callbacks.setButtonStyles\" data-wp-on-window--resize=\"callbacks.setButtonStyles\" src=\"https:\/\/sandrayerushalmi.fr\/wp-content\/uploads\/2024\/07\/Faire-part-2024-1011x1024.png\" alt=\"\" class=\"wp-image-66\" srcset=\"https:\/\/sandrayerushalmi.fr\/wp-content\/uploads\/2024\/07\/Faire-part-2024-1011x1024.png 1011w, https:\/\/sandrayerushalmi.fr\/wp-content\/uploads\/2024\/07\/Faire-part-2024-296x300.png 296w, https:\/\/sandrayerushalmi.fr\/wp-content\/uploads\/2024\/07\/Faire-part-2024-768x778.png 768w, https:\/\/sandrayerushalmi.fr\/wp-content\/uploads\/2024\/07\/Faire-part-2024-1516x1536.png 1516w, https:\/\/sandrayerushalmi.fr\/wp-content\/uploads\/2024\/07\/Faire-part-2024-2022x2048.png 2022w, https:\/\/sandrayerushalmi.fr\/wp-content\/uploads\/2024\/07\/Faire-part-2024-1568x1588.png 1568w\" sizes=\"auto, (max-width: 1011px) 100vw, 1011px\" \/><button\n\t\t\tclass=\"lightbox-trigger\"\n\t\t\ttype=\"button\"\n\t\t\taria-haspopup=\"dialog\"\n\t\t\taria-label=\"Enlarge\"\n\t\t\tdata-wp-init=\"callbacks.initTriggerButton\"\n\t\t\tdata-wp-on--click=\"actions.showLightbox\"\n\t\t\tdata-wp-style--right=\"state.imageButtonRight\"\n\t\t\tdata-wp-style--top=\"state.imageButtonTop\"\n\t\t>\n\t\t\t<svg xmlns=\"http:\/\/www.w3.org\/2000\/svg\" width=\"12\" height=\"12\" fill=\"none\" viewBox=\"0 0 12 12\">\n\t\t\t\t<path fill=\"#fff\" d=\"M2 0a2 2 0 0 0-2 2v2h1.5V2a.5.5 0 0 1 .5-.5h2V0H2Zm2 10.5H2a.5.5 0 0 1-.5-.5V8H0v2a2 2 0 0 0 2 2h2v-1.5ZM8 12v-1.5h2a.5.5 0 0 0 .5-.5V8H12v2a2 2 0 0 1-2 2H8Zm2-12a2 2 0 0 1 2 2v2h-1.5V2a.5.5 0 0 0-.5-.5H8V0h2Z\" \/>\n\t\t\t<\/svg>\n\t\t<\/button><\/figure>\n<\/div><\/div>\n\n\n\n<div class=\"wp-block-column is-vertically-aligned-top is-layout-flow wp-block-column-is-layout-flow\">\n<h3 class=\"wp-block-heading has-text-color has-link-color wp-elements-0353e3160eb56197e519a61553da810e\" style=\"color:#ad1545\">Ketoubah, <br>birkat haba\u00eft<\/h3>\n\n\n\n<p class=\"has-text-color has-link-color wp-elements-a9ee413161a6d4ec4ec4904e13e61d58\" style=\"color:#4f0c21\">Faites r\u00e9aliser votre contrat de mariage (Ketoubah) \u00e0 votre image !<br>Offrez une b\u00e9n\u00e9diction pour la maison (birkat haba\u00eft) avec le nom des jeunes mari\u00e9s !<br>Commandez un tableau personnalis\u00e9 avec le pr\u00e9nom d&#8217;un nouveau-n\u00e9 !<\/p>\n\n\n<div class=\"wp-block-image\">\n<figure data-wp-context=\"{&quot;imageId&quot;:&quot;69d508394dd3c&quot;}\" data-wp-interactive=\"core\/image\" data-wp-key=\"69d508394dd3c\" class=\"aligncenter size-full wp-lightbox-container\"><img loading=\"lazy\" decoding=\"async\" width=\"597\" height=\"520\" data-wp-class--hide=\"state.isContentHidden\" data-wp-class--show=\"state.isContentVisible\" data-wp-init=\"callbacks.setButtonStyles\" data-wp-on--click=\"actions.showLightbox\" data-wp-on--load=\"callbacks.setButtonStyles\" data-wp-on-window--resize=\"callbacks.setButtonStyles\" src=\"https:\/\/sandrayerushalmi.fr\/wp-content\/uploads\/2024\/07\/ketoubot-birkat-2024.png\" alt=\"\" class=\"wp-image-67\" srcset=\"https:\/\/sandrayerushalmi.fr\/wp-content\/uploads\/2024\/07\/ketoubot-birkat-2024.png 597w, https:\/\/sandrayerushalmi.fr\/wp-content\/uploads\/2024\/07\/ketoubot-birkat-2024-300x261.png 300w\" sizes=\"auto, (max-width: 597px) 100vw, 597px\" \/><button\n\t\t\tclass=\"lightbox-trigger\"\n\t\t\ttype=\"button\"\n\t\t\taria-haspopup=\"dialog\"\n\t\t\taria-label=\"Enlarge\"\n\t\t\tdata-wp-init=\"callbacks.initTriggerButton\"\n\t\t\tdata-wp-on--click=\"actions.showLightbox\"\n\t\t\tdata-wp-style--right=\"state.imageButtonRight\"\n\t\t\tdata-wp-style--top=\"state.imageButtonTop\"\n\t\t>\n\t\t\t<svg xmlns=\"http:\/\/www.w3.org\/2000\/svg\" width=\"12\" height=\"12\" fill=\"none\" viewBox=\"0 0 12 12\">\n\t\t\t\t<path fill=\"#fff\" d=\"M2 0a2 2 0 0 0-2 2v2h1.5V2a.5.5 0 0 1 .5-.5h2V0H2Zm2 10.5H2a.5.5 0 0 1-.5-.5V8H0v2a2 2 0 0 0 2 2h2v-1.5ZM8 12v-1.5h2a.5.5 0 0 0 .5-.5V8H12v2a2 2 0 0 1-2 2H8Zm2-12a2 2 0 0 1 2 2v2h-1.5V2a.5.5 0 0 0-.5-.5H8V0h2Z\" \/>\n\t\t\t<\/svg>\n\t\t<\/button><\/figure>\n<\/div><\/div>\n\n\n\n<div class=\"wp-block-column is-vertically-aligned-top is-layout-flow wp-block-column-is-layout-flow\">\n<h3 class=\"wp-block-heading has-text-color has-link-color wp-elements-51ee27aa10f80a8dd286735827f20c3b\" style=\"color:#ad1545\"><a href=\"https:\/\/sandrayerushalmi.fr\/?page_id=349\">Henna Judaica &#8211; dessins corporels au henn\u00e9<\/a><\/h3>\n\n\n\n<p class=\"has-text-color has-link-color wp-elements-ff9f8609a2d020b858dfd52278535247\" style=\"color:#4f0c21\">Egayez vos f\u00eates juives avec l&#8217;art du henn\u00e9, dessins \u00e9ph\u00e9m\u00e8res sur la peau, symbole de bonheur dans la tradition juive nord-africaine, en y incorporant la calligraphie h\u00e9bra\u00efque et les symboles du juda\u00efsme.<\/p>\n\n\n<div class=\"wp-block-image\">\n<figure class=\"aligncenter size-full is-resized\"><a href=\"https:\/\/sandrayerushalmi.fr\/?page_id=349\"><img loading=\"lazy\" decoding=\"async\" width=\"312\" height=\"362\" src=\"https:\/\/sandrayerushalmi.fr\/wp-content\/uploads\/2024\/07\/Hennes-2.png\" alt=\"\" class=\"wp-image-84\" style=\"width:256px;height:auto\" srcset=\"https:\/\/sandrayerushalmi.fr\/wp-content\/uploads\/2024\/07\/Hennes-2.png 312w, https:\/\/sandrayerushalmi.fr\/wp-content\/uploads\/2024\/07\/Hennes-2-259x300.png 259w\" sizes=\"auto, (max-width: 312px) 100vw, 312px\" \/><\/a><\/figure>\n<\/div><\/div>\n<\/div>\n\n\n\n<p class=\"has-text-align-center has-text-color has-link-color has-large-font-size wp-elements-51c77202e5427c55dbc8ddf2f5963d5d\" style=\"color:#ad1545\">Contactez-moi pour vos projets &gt;&gt;&gt;<strong> sandrayerushalmi@gmail.com<\/strong><\/p>\n\n\n\n<div class=\"wp-block-cover alignwide is-light is-style-twentytwentyone-border\"><span aria-hidden=\"true\" class=\"wp-block-cover__background has-background-dim-100 has-background-dim\" style=\"background-color:#fce2d3\"><\/span><div class=\"wp-block-cover__inner-container is-layout-flow wp-block-cover-is-layout-flow\">\n<p><\/p>\n\n\n\n<figure class=\"wp-block-embed aligncenter is-type-video is-provider-youtube wp-block-embed-youtube wp-embed-aspect-16-9 wp-has-aspect-ratio\"><div class=\"wp-block-embed__wrapper\">\n<iframe loading=\"lazy\" title=\"Sandra Yerushalmi - Art juif s\u00e9farade\" width=\"750\" height=\"422\" src=\"https:\/\/www.youtube.com\/embed\/uii_EStEDXM?feature=oembed\" frameborder=\"0\" allow=\"accelerometer; autoplay; clipboard-write; encrypted-media; gyroscope; picture-in-picture; web-share\" referrerpolicy=\"strict-origin-when-cross-origin\" allowfullscreen><\/iframe>\n<\/div><\/figure>\n<\/div><\/div>\n\n\n\n<p><\/p>\n","protected":false},"excerpt":{"rendered":"<p>PROCHAINS RENDEZ-VOUS 2025 :Du 2 au 29 septembre, au Caf\u00e9 des Psaumes : Exposition &#8220;Aleph Bet v\u00e9 od&#8230;&#8221; avec Jean-Pierre BenzekriJeudi 4 septembre, 18h-20h : vernissage de l&#8217;exposition &#8220;Aleph Bet v\u00e9 od&#8230;&#8221; au Caf\u00e9 des Psaumes, Paris ATELIERS DE CALLIGRAPHIE HEBRA\u00cfQUE J\u2019anime r\u00e9guli\u00e8rement des ateliers de calligraphie h\u00e9bra\u00efque et d\u2019art juif en r\u00e9gion parisienne.N\u2019h\u00e9sitez pas&hellip; <a class=\"more-link\" href=\"https:\/\/sandrayerushalmi.fr\/\">Continue reading <span class=\"screen-reader-text\">Untitled<\/span><\/a><\/p>\n","protected":false},"author":1,"featured_media":0,"parent":0,"menu_order":0,"comment_status":"closed","ping_status":"closed","template":"","meta":{"footnotes":""},"class_list":["post-31","page","type-page","status-publish","hentry","entry"],"_links":{"self":[{"href":"https:\/\/sandrayerushalmi.fr\/index.php?rest_route=\/wp\/v2\/pages\/31","targetHints":{"allow":["GET"]}}],"collection":[{"href":"https:\/\/sandrayerushalmi.fr\/index.php?rest_route=\/wp\/v2\/pages"}],"about":[{"href":"https:\/\/sandrayerushalmi.fr\/index.php?rest_route=\/wp\/v2\/types\/page"}],"author":[{"embeddable":true,"href":"https:\/\/sandrayerushalmi.fr\/index.php?rest_route=\/wp\/v2\/users\/1"}],"replies":[{"embeddable":true,"href":"https:\/\/sandrayerushalmi.fr\/index.php?rest_route=%2Fwp%2Fv2%2Fcomments&post=31"}],"version-history":[{"count":69,"href":"https:\/\/sandrayerushalmi.fr\/index.php?rest_route=\/wp\/v2\/pages\/31\/revisions"}],"predecessor-version":[{"id":429,"href":"https:\/\/sandrayerushalmi.fr\/index.php?rest_route=\/wp\/v2\/pages\/31\/revisions\/429"}],"wp:attachment":[{"href":"https:\/\/sandrayerushalmi.fr\/index.php?rest_route=%2Fwp%2Fv2%2Fmedia&parent=31"}],"curies":[{"name":"wp","href":"https:\/\/api.w.org\/{rel}","templated":true}]}}