{"id":32,"date":"2024-07-18T16:44:08","date_gmt":"2024-07-18T14:44:08","guid":{"rendered":"http:\/\/sandrayerushalmi.fr\/?page_id=32"},"modified":"2025-05-04T21:54:41","modified_gmt":"2025-05-04T19:54:41","slug":"a-propos-de","status":"publish","type":"page","link":"https:\/\/sandrayerushalmi.fr\/?page_id=32","title":{"rendered":"\u00c0 propos"},"content":{"rendered":"\n<h2 class=\"wp-block-heading has-text-color has-link-color has-extra-large-font-size wp-elements-c833ccf8cbcdc3d14a48c52c8ffc53c3\" style=\"color:#ad1545\">Sandra Yerushalmi<\/h2>\n\n\n\n<figure class=\"wp-block-image size-large\"><img loading=\"lazy\" decoding=\"async\" width=\"1024\" height=\"683\" src=\"https:\/\/sandrayerushalmi.fr\/wp-content\/uploads\/2024\/07\/DSC05590-1024x683.jpg\" alt=\"L'artiste Sandra Yerushalmi pose avec ses \u0153uvres d'art juif\" class=\"wp-image-59\" srcset=\"https:\/\/sandrayerushalmi.fr\/wp-content\/uploads\/2024\/07\/DSC05590-1024x683.jpg 1024w, https:\/\/sandrayerushalmi.fr\/wp-content\/uploads\/2024\/07\/DSC05590-300x200.jpg 300w, https:\/\/sandrayerushalmi.fr\/wp-content\/uploads\/2024\/07\/DSC05590-768x512.jpg 768w, https:\/\/sandrayerushalmi.fr\/wp-content\/uploads\/2024\/07\/DSC05590-1536x1024.jpg 1536w, https:\/\/sandrayerushalmi.fr\/wp-content\/uploads\/2024\/07\/DSC05590-2048x1365.jpg 2048w, https:\/\/sandrayerushalmi.fr\/wp-content\/uploads\/2024\/07\/DSC05590-1568x1045.jpg 1568w\" sizes=\"auto, (max-width: 1024px) 100vw, 1024px\" \/><\/figure>\n\n\n\n<p class=\"has-text-color has-link-color wp-elements-51f8d293745ad6d6163acd86b3e79d62\" style=\"color:#4f0c21\">Ma cr\u00e9ation artistique a commenc\u00e9 \u00e0 travers l\u2019art du henn\u00e9, d\u00e9couvert lors d\u2019un voyage en Inde. Inspir\u00e9e par cette tradition de tatouage \u00e9ph\u00e9m\u00e8re commune aux Juifs et aux Musulmans en Afrique du Nord, j\u2019incorpore les symboles du juda\u00efsme et les lettres h\u00e9bra\u00efques aux motifs du henn\u00e9 traditionnel.<\/p>\n\n\n\n<p class=\"has-text-color has-link-color wp-elements-dc94f5b0fa69c923314e7233bf1c9bab\" style=\"color:#4f0c21\">Apr\u00e8s le henn\u00e9, j\u2019explore d\u2019autres techniques artistiques : calligraphie h\u00e9bra\u00efque, mandala, motifs de l\u2019art islamique, aquarelle, d\u00e9coupe de papier\u2026<\/p>\n\n\n\n<p class=\"has-text-color has-link-color wp-elements-c1d31194831e83dc393cb75daad2e22a\" style=\"color:#4f0c21\">Les enseignements de la Torah et des textes juifs m\u2019inspirent tout autant que l\u2019esth\u00e9tique des lettres h\u00e9bra\u00efques, ainsi que l\u2019histoire du peuple juif en particulier en Afrique du Nord d\u2019o\u00f9 vient ma famille.<\/p>\n\n\n\n<p class=\"has-text-color has-link-color wp-elements-7f3a80166746cefec1fd5f0672434b0a\" style=\"color:#4f0c21\">Forte de mon identit\u00e9 de femme juive s\u00e9farade et de mes voyages, j\u2019aime r\u00e9inventer les traditions pour me les r\u00e9approprier. Pour \u00e7a, j\u2019illustre les symboles du juda\u00efsme, mais aussi des autres cultures qui ont c\u00f4toy\u00e9 le juda\u00efsme \u00e0 travers le temps et l\u2019espace. J\u2019interroge ainsi l\u2019identit\u00e9 individuelle et collective, la mienne, celle du peuple juif, celle de l\u2019humanit\u00e9.<\/p>\n\n\n\n<div style=\"height:100px\" aria-hidden=\"true\" class=\"wp-block-spacer\"><\/div>\n\n\n\n<h2 class=\"wp-block-heading has-text-color has-link-color has-extra-large-font-size wp-elements-5feb4c7f32f8e432d00f3ce70bad01f8\" style=\"color:#ad1545\">Le projet artistique Henna Judaica<\/h2>\n\n\n\n<p class=\"has-text-align-center\"><a href=\"https:\/\/sandrayerushalmi.fr\/?page_id=349\" data-type=\"page\" data-id=\"349\">Voir les mod\u00e8les de dessins coporels au henn\u00e9 <\/a><\/p>\n\n\n\n<p class=\"has-text-color has-link-color wp-elements-c8436ab84e995fbcecdfe4a898e2df07\" style=\"color:#4f0c21\">Henna Judaica est un projet artistique n\u00e9 en 2018.&nbsp;<\/p>\n\n\n\n<p class=\"has-text-color has-link-color wp-elements-dc23ea636adb4a0c82438944d1b5736d\" style=\"color:#4f0c21\">C&#8217;est lors de mes voyages en Inde que j&#8217;ai d\u00e9couvert l&#8217;art du dessin au henn\u00e9. De retour \u00e0 Paris, j&#8217;ai tent\u00e9 quelques dessins occasionnels. Et puis \u00e0 l&#8217;occasion de Hanouka, on m&#8217;a sugg\u00e9r\u00e9 d&#8217;accorder mes dessins au th\u00e8me de la f\u00eate : une hanoukia, des toupies, etc\u2026 Le projet Henna Judaica prend forme. J&#8217;ai alors propos\u00e9 des henn\u00e9s \u00e0 l&#8217;occasion des f\u00eates juives, puis pour toutes occasions, en agr\u00e9mentant mes dessins de lettres h\u00e9bra\u00efques et de symboles juifs.&nbsp;<\/p>\n\n\n\n<div style=\"height:28px\" aria-hidden=\"true\" class=\"wp-block-spacer\"><\/div>\n\n\n<div class=\"wp-block-image\">\n<figure class=\"aligncenter size-full is-resized\"><img loading=\"lazy\" decoding=\"async\" width=\"843\" height=\"843\" src=\"https:\/\/sandrayerushalmi.fr\/wp-content\/uploads\/2024\/07\/Henne-shalom-Insta-1.png\" alt=\"Dessin au henn\u00e9 sur la main par Sandra Yerushalmi \u00e9crit &quot;Shalom&quot; en h\u00e9breu\" class=\"wp-image-98\" style=\"width:437px;height:auto\" srcset=\"https:\/\/sandrayerushalmi.fr\/wp-content\/uploads\/2024\/07\/Henne-shalom-Insta-1.png 843w, https:\/\/sandrayerushalmi.fr\/wp-content\/uploads\/2024\/07\/Henne-shalom-Insta-1-300x300.png 300w, https:\/\/sandrayerushalmi.fr\/wp-content\/uploads\/2024\/07\/Henne-shalom-Insta-1-150x150.png 150w, https:\/\/sandrayerushalmi.fr\/wp-content\/uploads\/2024\/07\/Henne-shalom-Insta-1-768x768.png 768w\" sizes=\"auto, (max-width: 843px) 100vw, 843px\" \/><\/figure>\n<\/div>\n\n\n<p class=\"has-text-color has-link-color wp-elements-bf10799f8e153cf1b4572849b09ee156\" style=\"color:#4f0c21\">Le henn\u00e9 est un symbole fort d&#8217;identit\u00e9 juive et de coexistence. Il est port\u00e9 en particulier lors des mariages en signe de bonheur et de protection, et c&#8217;est une tradition commune semblable aux communaut\u00e9s juives et musulmanes en Afrique du Nord et au Moyen-Orient. C&#8217;est aussi une tradition f\u00e9minine, qui donne une forme de pouvoir et de confiance aux femmes. Ce sont ces valeurs que je souhaite v\u00e9hiculer gr\u00e2ce \u00e0 Henna Judaica.&nbsp;<\/p>\n\n\n\n<p class=\"has-text-color has-link-color wp-elements-f3fd710d238a6c7441e1e173f84a1fd1\" style=\"color:#4f0c21\">L&#8217;objectif est de faire revivre la tradition juive du henn\u00e9 \u00e0 travers des dessins \u00e9labor\u00e9s et personnalis\u00e9s, et permettre \u00e0 chacun de s&#8217;approprier son identit\u00e9 juive \u00e0 travers ces tatouages \u00e9ph\u00e9m\u00e8res.<\/p>\n\n\n\n<p class=\"has-text-color has-link-color wp-elements-cd0523b444ca022b436827a556745fe9\" style=\"color:#4f0c21\">Aujourd&#8217;hui, en tant qu\u2019artiste &#8220;hennaya&#8221;, je propose d\u2019agr\u00e9menter des \u00e9v\u00e9nements festifs de henn\u00e9s judaica. Henna Judaica, ce sont aussi des \u0153uvres d&#8217;art&nbsp; au henn\u00e9 sur papier.&nbsp;<\/p>\n\n\n<div class=\"wp-block-image\">\n<figure class=\"aligncenter size-large\"><img loading=\"lazy\" decoding=\"async\" width=\"1024\" height=\"640\" src=\"https:\/\/sandrayerushalmi.fr\/wp-content\/uploads\/2024\/07\/SAM_1458-25-mini-1024x640.jpg\" alt=\"L'artiste Sandra Yeushalmi fait un dessin au henn\u00e9 sur une main\" class=\"wp-image-96\" srcset=\"https:\/\/sandrayerushalmi.fr\/wp-content\/uploads\/2024\/07\/SAM_1458-25-mini-1024x640.jpg 1024w, https:\/\/sandrayerushalmi.fr\/wp-content\/uploads\/2024\/07\/SAM_1458-25-mini-300x188.jpg 300w, https:\/\/sandrayerushalmi.fr\/wp-content\/uploads\/2024\/07\/SAM_1458-25-mini-768x480.jpg 768w, https:\/\/sandrayerushalmi.fr\/wp-content\/uploads\/2024\/07\/SAM_1458-25-mini.jpg 1280w\" sizes=\"auto, (max-width: 1024px) 100vw, 1024px\" \/><\/figure>\n<\/div>\n\n\n<p><\/p>\n","protected":false},"excerpt":{"rendered":"<p>Sandra Yerushalmi Ma cr\u00e9ation artistique a commenc\u00e9 \u00e0 travers l\u2019art du henn\u00e9, d\u00e9couvert lors d\u2019un voyage en Inde. Inspir\u00e9e par cette tradition de tatouage \u00e9ph\u00e9m\u00e8re commune aux Juifs et aux Musulmans en Afrique du Nord, j\u2019incorpore les symboles du juda\u00efsme et les lettres h\u00e9bra\u00efques aux motifs du henn\u00e9 traditionnel. Apr\u00e8s le henn\u00e9, j\u2019explore d\u2019autres techniques&hellip; <a class=\"more-link\" href=\"https:\/\/sandrayerushalmi.fr\/?page_id=32\">Continue reading <span class=\"screen-reader-text\">\u00c0 propos<\/span><\/a><\/p>\n","protected":false},"author":1,"featured_media":0,"parent":0,"menu_order":0,"comment_status":"closed","ping_status":"closed","template":"","meta":{"footnotes":""},"class_list":["post-32","page","type-page","status-publish","hentry","entry"],"_links":{"self":[{"href":"https:\/\/sandrayerushalmi.fr\/index.php?rest_route=\/wp\/v2\/pages\/32","targetHints":{"allow":["GET"]}}],"collection":[{"href":"https:\/\/sandrayerushalmi.fr\/index.php?rest_route=\/wp\/v2\/pages"}],"about":[{"href":"https:\/\/sandrayerushalmi.fr\/index.php?rest_route=\/wp\/v2\/types\/page"}],"author":[{"embeddable":true,"href":"https:\/\/sandrayerushalmi.fr\/index.php?rest_route=\/wp\/v2\/users\/1"}],"replies":[{"embeddable":true,"href":"https:\/\/sandrayerushalmi.fr\/index.php?rest_route=%2Fwp%2Fv2%2Fcomments&post=32"}],"version-history":[{"count":12,"href":"https:\/\/sandrayerushalmi.fr\/index.php?rest_route=\/wp\/v2\/pages\/32\/revisions"}],"predecessor-version":[{"id":394,"href":"https:\/\/sandrayerushalmi.fr\/index.php?rest_route=\/wp\/v2\/pages\/32\/revisions\/394"}],"wp:attachment":[{"href":"https:\/\/sandrayerushalmi.fr\/index.php?rest_route=%2Fwp%2Fv2%2Fmedia&parent=32"}],"curies":[{"name":"wp","href":"https:\/\/api.w.org\/{rel}","templated":true}]}}