{"id":349,"date":"2025-05-04T21:33:51","date_gmt":"2025-05-04T19:33:51","guid":{"rendered":"https:\/\/sandrayerushalmi.fr\/?page_id=349"},"modified":"2025-05-04T21:55:37","modified_gmt":"2025-05-04T19:55:37","slug":"henne","status":"publish","type":"page","link":"https:\/\/sandrayerushalmi.fr\/?page_id=349","title":{"rendered":"Henna Judaica"},"content":{"rendered":"\n<p class=\"has-text-color has-link-color wp-elements-e43d5924e821eb6b312a4deef3d0499a\" style=\"color:#4f0c21\"><\/p>\n\n\n\n<h2 class=\"wp-block-heading\">Henna Judaica \u2013 dessins corporels au henn\u00e9<\/h2>\n\n\n\n<p>Faire revivre la tradition juive du henn\u00e9 \u00e0 travers des dessins \u00e9labor\u00e9s et personnalis\u00e9s, et permettre \u00e0 chacun de s&#8217;approprier son identit\u00e9 juive \u00e0 travers ces tatouages \u00e9ph\u00e9m\u00e8res, telle est ma mission d&#8217;artiste !<\/p>\n\n\n\n<figure class=\"wp-block-gallery has-nested-images columns-default is-cropped wp-block-gallery-1 is-layout-flex wp-block-gallery-is-layout-flex\">\n<figure class=\"wp-block-image size-large\"><img loading=\"lazy\" decoding=\"async\" width=\"843\" height=\"843\" data-id=\"356\" src=\"https:\/\/sandrayerushalmi.fr\/wp-content\/uploads\/2025\/05\/Henne-shalom-Insta-1.png\" alt=\"\" class=\"wp-image-356\" srcset=\"https:\/\/sandrayerushalmi.fr\/wp-content\/uploads\/2025\/05\/Henne-shalom-Insta-1.png 843w, https:\/\/sandrayerushalmi.fr\/wp-content\/uploads\/2025\/05\/Henne-shalom-Insta-1-300x300.png 300w, https:\/\/sandrayerushalmi.fr\/wp-content\/uploads\/2025\/05\/Henne-shalom-Insta-1-150x150.png 150w, https:\/\/sandrayerushalmi.fr\/wp-content\/uploads\/2025\/05\/Henne-shalom-Insta-1-768x768.png 768w\" sizes=\"auto, (max-width: 843px) 100vw, 843px\" \/><\/figure>\n\n\n\n<figure class=\"wp-block-image size-large\"><img loading=\"lazy\" decoding=\"async\" width=\"778\" height=\"766\" data-id=\"358\" src=\"https:\/\/sandrayerushalmi.fr\/wp-content\/uploads\/2025\/05\/Henne-persan-Insta.png\" alt=\"\" class=\"wp-image-358\" srcset=\"https:\/\/sandrayerushalmi.fr\/wp-content\/uploads\/2025\/05\/Henne-persan-Insta.png 778w, https:\/\/sandrayerushalmi.fr\/wp-content\/uploads\/2025\/05\/Henne-persan-Insta-300x295.png 300w, https:\/\/sandrayerushalmi.fr\/wp-content\/uploads\/2025\/05\/Henne-persan-Insta-768x756.png 768w\" sizes=\"auto, (max-width: 778px) 100vw, 778px\" \/><\/figure>\n<\/figure>\n\n\n\n<figure class=\"wp-block-image size-large\"><img loading=\"lazy\" decoding=\"async\" width=\"1024\" height=\"683\" src=\"http:\/\/sandrayerushalmi.fr\/wp-content\/uploads\/2025\/05\/SAM_1209-13-1-1024x683.jpg\" alt=\"\" class=\"wp-image-366\" srcset=\"https:\/\/sandrayerushalmi.fr\/wp-content\/uploads\/2025\/05\/SAM_1209-13-1-1024x683.jpg 1024w, https:\/\/sandrayerushalmi.fr\/wp-content\/uploads\/2025\/05\/SAM_1209-13-1-300x200.jpg 300w, https:\/\/sandrayerushalmi.fr\/wp-content\/uploads\/2025\/05\/SAM_1209-13-1-768x512.jpg 768w\" sizes=\"auto, (max-width: 1024px) 100vw, 1024px\" \/><\/figure>\n\n\n\n<p class=\"has-text-align-center\"><a href=\"https:\/\/sandrayerushalmi.fr\/?page_id=32\" data-type=\"page\" data-id=\"32\">Lire l&#8217;histoire de la cr\u00e9ation des Henna Judaica<\/a><\/p>\n\n\n\n<figure class=\"wp-block-gallery has-nested-images columns-default is-cropped wp-block-gallery-2 is-layout-flex wp-block-gallery-is-layout-flex\">\n<figure class=\"wp-block-image size-large\"><img loading=\"lazy\" decoding=\"async\" width=\"767\" height=\"768\" data-id=\"359\" src=\"https:\/\/sandrayerushalmi.fr\/wp-content\/uploads\/2025\/05\/Ahavat-Olam-Insta.png\" alt=\"\" class=\"wp-image-359\" srcset=\"https:\/\/sandrayerushalmi.fr\/wp-content\/uploads\/2025\/05\/Ahavat-Olam-Insta.png 767w, https:\/\/sandrayerushalmi.fr\/wp-content\/uploads\/2025\/05\/Ahavat-Olam-Insta-300x300.png 300w, https:\/\/sandrayerushalmi.fr\/wp-content\/uploads\/2025\/05\/Ahavat-Olam-Insta-150x150.png 150w\" sizes=\"auto, (max-width: 767px) 100vw, 767px\" \/><\/figure>\n\n\n\n<figure class=\"wp-block-image size-large\"><img loading=\"lazy\" decoding=\"async\" width=\"747\" height=\"747\" data-id=\"360\" src=\"https:\/\/sandrayerushalmi.fr\/wp-content\/uploads\/2025\/05\/Lulav-Insta-2.png\" alt=\"\" class=\"wp-image-360\" srcset=\"https:\/\/sandrayerushalmi.fr\/wp-content\/uploads\/2025\/05\/Lulav-Insta-2.png 747w, https:\/\/sandrayerushalmi.fr\/wp-content\/uploads\/2025\/05\/Lulav-Insta-2-300x300.png 300w, https:\/\/sandrayerushalmi.fr\/wp-content\/uploads\/2025\/05\/Lulav-Insta-2-150x150.png 150w\" sizes=\"auto, (max-width: 747px) 100vw, 747px\" \/><\/figure>\n<\/figure>\n\n\n\n<figure class=\"wp-block-gallery has-nested-images columns-default is-cropped wp-block-gallery-3 is-layout-flex wp-block-gallery-is-layout-flex\">\n<figure class=\"wp-block-image size-large\"><img loading=\"lazy\" decoding=\"async\" width=\"1020\" height=\"1020\" data-id=\"362\" src=\"https:\/\/sandrayerushalmi.fr\/wp-content\/uploads\/2025\/05\/Henna-renouvellement-1.png\" alt=\"\" class=\"wp-image-362\" srcset=\"https:\/\/sandrayerushalmi.fr\/wp-content\/uploads\/2025\/05\/Henna-renouvellement-1.png 1020w, https:\/\/sandrayerushalmi.fr\/wp-content\/uploads\/2025\/05\/Henna-renouvellement-1-300x300.png 300w, https:\/\/sandrayerushalmi.fr\/wp-content\/uploads\/2025\/05\/Henna-renouvellement-1-150x150.png 150w, https:\/\/sandrayerushalmi.fr\/wp-content\/uploads\/2025\/05\/Henna-renouvellement-1-768x768.png 768w\" sizes=\"auto, (max-width: 1020px) 100vw, 1020px\" \/><\/figure>\n\n\n\n<figure class=\"wp-block-image size-large\"><img loading=\"lazy\" decoding=\"async\" width=\"768\" height=\"1024\" data-id=\"363\" src=\"https:\/\/sandrayerushalmi.fr\/wp-content\/uploads\/2025\/05\/IMG_20221208_000434-768x1024.jpg\" alt=\"\" class=\"wp-image-363\" srcset=\"https:\/\/sandrayerushalmi.fr\/wp-content\/uploads\/2025\/05\/IMG_20221208_000434-768x1024.jpg 768w, https:\/\/sandrayerushalmi.fr\/wp-content\/uploads\/2025\/05\/IMG_20221208_000434-225x300.jpg 225w, https:\/\/sandrayerushalmi.fr\/wp-content\/uploads\/2025\/05\/IMG_20221208_000434-1152x1536.jpg 1152w, https:\/\/sandrayerushalmi.fr\/wp-content\/uploads\/2025\/05\/IMG_20221208_000434.jpg 1200w\" sizes=\"auto, (max-width: 768px) 100vw, 768px\" \/><\/figure>\n<\/figure>\n\n\n\n<figure class=\"wp-block-gallery has-nested-images columns-default is-cropped wp-block-gallery-4 is-layout-flex wp-block-gallery-is-layout-flex\">\n<figure class=\"wp-block-image size-large\"><img loading=\"lazy\" decoding=\"async\" width=\"768\" height=\"1024\" data-id=\"364\" src=\"https:\/\/sandrayerushalmi.fr\/wp-content\/uploads\/2025\/05\/IMG_20221208_214308-768x1024.jpg\" alt=\"\" class=\"wp-image-364\" srcset=\"https:\/\/sandrayerushalmi.fr\/wp-content\/uploads\/2025\/05\/IMG_20221208_214308-768x1024.jpg 768w, https:\/\/sandrayerushalmi.fr\/wp-content\/uploads\/2025\/05\/IMG_20221208_214308-225x300.jpg 225w, https:\/\/sandrayerushalmi.fr\/wp-content\/uploads\/2025\/05\/IMG_20221208_214308-1152x1536.jpg 1152w, https:\/\/sandrayerushalmi.fr\/wp-content\/uploads\/2025\/05\/IMG_20221208_214308.jpg 1200w\" sizes=\"auto, (max-width: 768px) 100vw, 768px\" \/><\/figure>\n\n\n\n<figure class=\"wp-block-image size-large\"><img loading=\"lazy\" decoding=\"async\" width=\"768\" height=\"1024\" data-id=\"367\" src=\"https:\/\/sandrayerushalmi.fr\/wp-content\/uploads\/2025\/05\/1695048213614-768x1024.jpg\" alt=\"\" class=\"wp-image-367\" srcset=\"https:\/\/sandrayerushalmi.fr\/wp-content\/uploads\/2025\/05\/1695048213614-768x1024.jpg 768w, https:\/\/sandrayerushalmi.fr\/wp-content\/uploads\/2025\/05\/1695048213614-225x300.jpg 225w, https:\/\/sandrayerushalmi.fr\/wp-content\/uploads\/2025\/05\/1695048213614-1152x1536.jpg 1152w, https:\/\/sandrayerushalmi.fr\/wp-content\/uploads\/2025\/05\/1695048213614-1536x2048.jpg 1536w, https:\/\/sandrayerushalmi.fr\/wp-content\/uploads\/2025\/05\/1695048213614-1568x2091.jpg 1568w, https:\/\/sandrayerushalmi.fr\/wp-content\/uploads\/2025\/05\/1695048213614-scaled.jpg 1920w\" sizes=\"auto, (max-width: 768px) 100vw, 768px\" \/><\/figure>\n<\/figure>\n\n\n\n<figure class=\"wp-block-image size-large\"><img loading=\"lazy\" decoding=\"async\" width=\"1024\" height=\"768\" src=\"https:\/\/sandrayerushalmi.fr\/wp-content\/uploads\/2025\/05\/WhatsApp-Image-2021-05-30-at-21.37.32.jpeg\" alt=\"\" class=\"wp-image-352\" srcset=\"https:\/\/sandrayerushalmi.fr\/wp-content\/uploads\/2025\/05\/WhatsApp-Image-2021-05-30-at-21.37.32.jpeg 1024w, https:\/\/sandrayerushalmi.fr\/wp-content\/uploads\/2025\/05\/WhatsApp-Image-2021-05-30-at-21.37.32-300x225.jpeg 300w, https:\/\/sandrayerushalmi.fr\/wp-content\/uploads\/2025\/05\/WhatsApp-Image-2021-05-30-at-21.37.32-768x576.jpeg 768w\" sizes=\"auto, (max-width: 1024px) 100vw, 1024px\" \/><\/figure>\n\n\n\n<p class=\"has-text-align-center\">Rendez-vous individuels ou prestations pour vos f\u00eates, <br>contactez-moi pour un devis &gt;&gt;&gt; sandrayerushalmi@gmail.com<\/p>\n\n\n\n<figure class=\"wp-block-image size-large\"><img loading=\"lazy\" decoding=\"async\" width=\"683\" height=\"1024\" src=\"http:\/\/sandrayerushalmi.fr\/wp-content\/uploads\/2025\/05\/DSC06405-683x1024.jpg\" alt=\"\" class=\"wp-image-378\" srcset=\"https:\/\/sandrayerushalmi.fr\/wp-content\/uploads\/2025\/05\/DSC06405-683x1024.jpg 683w, https:\/\/sandrayerushalmi.fr\/wp-content\/uploads\/2025\/05\/DSC06405-200x300.jpg 200w, https:\/\/sandrayerushalmi.fr\/wp-content\/uploads\/2025\/05\/DSC06405-768x1152.jpg 768w, https:\/\/sandrayerushalmi.fr\/wp-content\/uploads\/2025\/05\/DSC06405-scaled.jpg 1707w\" sizes=\"auto, (max-width: 683px) 100vw, 683px\" \/><\/figure>\n","protected":false},"excerpt":{"rendered":"<p>Henna Judaica \u2013 dessins corporels au henn\u00e9 Faire revivre la tradition juive du henn\u00e9 \u00e0 travers des dessins \u00e9labor\u00e9s et personnalis\u00e9s, et permettre \u00e0 chacun de s&#8217;approprier son identit\u00e9 juive \u00e0 travers ces tatouages \u00e9ph\u00e9m\u00e8res, telle est ma mission d&#8217;artiste ! Lire l&#8217;histoire de la cr\u00e9ation des Henna Judaica Rendez-vous individuels ou prestations pour vos&hellip; <a class=\"more-link\" href=\"https:\/\/sandrayerushalmi.fr\/?page_id=349\">Continue reading <span class=\"screen-reader-text\">Henna Judaica<\/span><\/a><\/p>\n","protected":false},"author":1,"featured_media":0,"parent":0,"menu_order":0,"comment_status":"closed","ping_status":"closed","template":"","meta":{"footnotes":""},"class_list":["post-349","page","type-page","status-publish","hentry","entry"],"_links":{"self":[{"href":"https:\/\/sandrayerushalmi.fr\/index.php?rest_route=\/wp\/v2\/pages\/349","targetHints":{"allow":["GET"]}}],"collection":[{"href":"https:\/\/sandrayerushalmi.fr\/index.php?rest_route=\/wp\/v2\/pages"}],"about":[{"href":"https:\/\/sandrayerushalmi.fr\/index.php?rest_route=\/wp\/v2\/types\/page"}],"author":[{"embeddable":true,"href":"https:\/\/sandrayerushalmi.fr\/index.php?rest_route=\/wp\/v2\/users\/1"}],"replies":[{"embeddable":true,"href":"https:\/\/sandrayerushalmi.fr\/index.php?rest_route=%2Fwp%2Fv2%2Fcomments&post=349"}],"version-history":[{"count":13,"href":"https:\/\/sandrayerushalmi.fr\/index.php?rest_route=\/wp\/v2\/pages\/349\/revisions"}],"predecessor-version":[{"id":395,"href":"https:\/\/sandrayerushalmi.fr\/index.php?rest_route=\/wp\/v2\/pages\/349\/revisions\/395"}],"wp:attachment":[{"href":"https:\/\/sandrayerushalmi.fr\/index.php?rest_route=%2Fwp%2Fv2%2Fmedia&parent=349"}],"curies":[{"name":"wp","href":"https:\/\/api.w.org\/{rel}","templated":true}]}}